{"id":401,"date":"2022-06-07T16:24:40","date_gmt":"2022-06-07T16:24:40","guid":{"rendered":"https:\/\/komplizinnen.space\/impressum\/"},"modified":"2023-06-07T15:24:26","modified_gmt":"2023-06-07T15:24:26","slug":"impressum","status":"publish","type":"page","link":"https:\/\/komplizinnen.space\/de\/impressum\/","title":{"rendered":"Impressum"},"content":{"rendered":"\n<h2 class=\"wp-block-heading\">Angaben gem\u00e4\u00df \u00a7 5 TMG:<\/h2>\n\n<p>Kompliz:innen GbR<\/p>\n\n<h3 class=\"wp-block-heading\">Postanschrift:<\/h3>\n\n<p>Morsestr. 5<br\/>40215 D\u00fcsseldorf<\/p>\n\n<h3 class=\"wp-block-heading\">Kontakt:<\/h3>\n\n<p>E-Mail: <a href=\"mailto:post@komplizinnen.space\">post@komplizinnen.space<\/a><\/p>\n\n<h3 class=\"wp-block-heading\">Vertreten durch:<\/h3>\n\n<p>Gesellschafterin: Franziska Hauser<\/p>\n\n<h2 class=\"wp-block-heading\">Hinweise zur Website<\/h2>\n\n<h3 class=\"wp-block-heading\">Redaktion<\/h3>\n\n<p>Mara Nedelcu<\/p>\n\n<h3 class=\"wp-block-heading\">Gestaltung<\/h3>\n\n<p><a href=\"https:\/\/paulvoggenreiter.eu\/\" target=\"_blank\" rel=\"noreferrer noopener\">Paul Voggenreiter<\/a><\/p>\n\n<h3 class=\"wp-block-heading\">Programmierung<\/h3>\n\n<p><a href=\"https:\/\/lynxtale.com\" target=\"_blank\" rel=\"noreferrer noopener\">Lana Wahlstr\u00f6m \/\/ LYNX TALE<\/a><\/p>\n\n<h2 class=\"wp-block-heading\">Haftungsausschluss<\/h2>\n\n<p>Die auf dieser Homepage ver\u00f6ffentlichten Inhalte sind sorgf\u00e4ltig recherchiert. Dennoch k\u00f6nnen wir keine Gew\u00e4hr f\u00fcr ihre Richtigkeit \u00fcbernehmen.<\/p>\n\n<h2 class=\"wp-block-heading\">Haftung f\u00fcr Inhalte<\/h2>\n\n<p>Als Betreiber der Seiten sind wir gem\u00e4\u00df \u00a7 6 Abs.1 MDStV und \u00a7 8 Abs.1 TDG f\u00fcr eigene Inhalte nach den allgemeinen Gesetzen verantwortlich. Die Inhalte der Seiten wurden mit gr\u00f6\u00dfter Sorgfalt erstellt. F\u00fcr die Richtigkeit, Vollst\u00e4ndigkeit und Aktualit\u00e4t der Inhalte k\u00f6nnen wir jedoch keine Haftung \u00fcbernehmen.<\/p>\n\n<h2 class=\"wp-block-heading\">Haftung f\u00fcr Links<\/h2>\n\n<p>Unser Angebot enth\u00e4lt Links zu externen Webseiten, auf deren Inhalte wir keinen Einfluss haben. Deshalb k\u00f6nnen wir f\u00fcr diese fremden Inhalte auch keine Gew\u00e4hr \u00fcbernehmen. F\u00fcr die Inhalte der verlinkten Seiten ist der jeweilige Anbieter verantwortlich. Die Seiten wurden zum Zeitpunkt der Verlinkung auf m\u00f6gliche Rechtsverst\u00f6\u00dfe \u00fcberpr\u00fcft. Eine permanente Kontrolle der verlinkten Seiten ist jedoch ohne konkrete Anhaltspunkte nicht zumutbar. Bei bekannt werden von Rechtsverletzungen werden wir diese Links umgehend entfernen.<\/p>\n\n<h2 class=\"wp-block-heading\">Urheberrecht<\/h2>\n\n<p>Die Ver\u00f6ffentlichungen auf diesen Seiten unterliegen dem deutschen Urheberrecht. Die Vervielf\u00e4ltigung, Bearbeitung, Verbreitung und jede Art der Verwertung au\u00dferhalb der Grenzen des Urheberrechtes bed\u00fcrfen der schriftlichen Zustimmung des jeweiligen Verfassers. Beitr\u00e4ge Dritter sind als solche gekennzeichnet. Downloads und Kopien dieser Seite sind nur f\u00fcr den privaten, nicht kommerziellen Gebrauch gestattet.<\/p>\n\n<h2 class=\"wp-block-heading\">Datenschutz<\/h2>\n\n<p>Informationen zum Datenschutz entnehmen Sie bitte unserer <a href=\"http:\/\/localhost:3000\/komplizinnen\/privacy-policy\/\" data-type=\"page\" data-id=\"3\">Datenschutzerkl\u00e4rung<\/a>.<\/p>\n","protected":false},"excerpt":{"rendered":"<p>Angaben gem\u00e4\u00df \u00a7 5 TMG: Kompliz:innen GbR Postanschrift: Morsestr. 540215 D\u00fcsseldorf Kontakt: E-Mail: post@komplizinnen.space Vertreten durch: Gesellschafterin: Franziska Hauser Hinweise zur Website Redaktion Mara Nedelcu Gestaltung Paul Voggenreiter Programmierung Lana Wahlstr\u00f6m \/\/ LYNX TALE Haftungsausschluss Die auf dieser Homepage ver\u00f6ffentlichten Inhalte sind sorgf\u00e4ltig recherchiert. Dennoch k\u00f6nnen wir keine Gew\u00e4hr f\u00fcr ihre Richtigkeit \u00fcbernehmen. Haftung f\u00fcr <a href=\"https:\/\/komplizinnen.space\/de\/impressum\/\" class=\"more-link\">&#8230;<span class=\"screen-reader-text\">  Impressum<\/span><\/a><\/p>\n","protected":false},"author":1,"featured_media":0,"parent":0,"menu_order":0,"comment_status":"closed","ping_status":"closed","template":"","meta":{"_acf_changed":false,"footnotes":""},"acf":[],"_links":{"self":[{"href":"https:\/\/komplizinnen.space\/de\/wp-json\/wp\/v2\/pages\/401"}],"collection":[{"href":"https:\/\/komplizinnen.space\/de\/wp-json\/wp\/v2\/pages"}],"about":[{"href":"https:\/\/komplizinnen.space\/de\/wp-json\/wp\/v2\/types\/page"}],"author":[{"embeddable":true,"href":"https:\/\/komplizinnen.space\/de\/wp-json\/wp\/v2\/users\/1"}],"replies":[{"embeddable":true,"href":"https:\/\/komplizinnen.space\/de\/wp-json\/wp\/v2\/comments?post=401"}],"version-history":[{"count":1,"href":"https:\/\/komplizinnen.space\/de\/wp-json\/wp\/v2\/pages\/401\/revisions"}],"predecessor-version":[{"id":402,"href":"https:\/\/komplizinnen.space\/de\/wp-json\/wp\/v2\/pages\/401\/revisions\/402"}],"wp:attachment":[{"href":"https:\/\/komplizinnen.space\/de\/wp-json\/wp\/v2\/media?parent=401"}],"curies":[{"name":"wp","href":"https:\/\/api.w.org\/{rel}","templated":true}]}}