{"id":394,"date":"2022-05-24T14:44:35","date_gmt":"2022-05-24T14:44:35","guid":{"rendered":"https:\/\/komplizinnen.space\/home\/"},"modified":"2023-06-08T09:49:38","modified_gmt":"2023-06-08T09:49:38","slug":"home","status":"publish","type":"page","link":"https:\/\/komplizinnen.space\/de\/","title":{"rendered":"Home"},"content":{"rendered":"\n<p><\/p>\n\n\n\n<h2 class=\"wp-block-heading\">B\u00fcro f\u00fcr Produktion, Dramaturgie und Performative Kunst<\/h2>\n\n\n\n<p>Die <strong>Kompliz:innen <\/strong>teilen sich einen Arbeitsraum sowie Wissen, Kreativit\u00e4t und eine gemeinsame Arbeitsethik.<br>Die <strong>Kompliz:innen <\/strong>st\u00e4rken die lose Infrastruktur der freien Produzent:innen und Dramaturg:innen.<br>Die <strong>Kompliz:innen<\/strong> sind ein solidarisches Umfeld f\u00fcr k\u00fcnstlerische Initiativen, Projekte, Produktionen, Ideen und sparten\u00fcbergreifenden Austausch.<\/p>\n\n\n\n<p>Wir <strong>Kompliz:innen<\/strong> arbeiten sowohl an unseren individuellen Projekten als auch b\u00fcro\u00fcbergreifend miteinander. Wir sind im stetigen Austausch \u00fcber Arbeitsbedingungen, kulturpolitische Entwicklungen und programmatische Entscheidungen in und um die Institutionen herum, mit denen wir arbeiten, sowie \u00fcber die Herausforderungen unserer Zeit. Wir sind auf der permanenten Suche nach dem Potential von Kunst und Kultur im gesellschaftlichen Alltag. Wir sind neugierig auf soziale, politische und nachhaltige Kunst und feiern die Lust an \u00fcberraschender \u00c4sthetik. Wir sind nicht fertig mit unserer eigenen Entwicklung und offen f\u00fcr andere Impulse, Fragen und Bed\u00fcrfnisse. Im Idealfall sind wir eine solidarische B\u00fcrogemeinschaft, die sich permanent selbst weiterbildet und gegenseitig als Kulturarbeiter:innen empowert.<\/p>\n","protected":false},"excerpt":{"rendered":"<p>B\u00fcro f\u00fcr Produktion, Dramaturgie und Performative Kunst Die Kompliz:innen teilen sich einen Arbeitsraum sowie Wissen, Kreativit\u00e4t und eine gemeinsame Arbeitsethik.Die Kompliz:innen st\u00e4rken die lose Infrastruktur der freien Produzent:innen und Dramaturg:innen.Die Kompliz:innen sind ein solidarisches Umfeld f\u00fcr k\u00fcnstlerische Initiativen, Projekte, Produktionen, Ideen und sparten\u00fcbergreifenden Austausch. Wir Kompliz:innen arbeiten sowohl an unseren individuellen Projekten als auch b\u00fcro\u00fcbergreifend <a href=\"https:\/\/komplizinnen.space\/de\/\" class=\"more-link\">&#8230;<span class=\"screen-reader-text\">  Home<\/span><\/a><\/p>\n","protected":false},"author":1,"featured_media":0,"parent":0,"menu_order":0,"comment_status":"closed","ping_status":"open","template":"","meta":{"_acf_changed":false,"footnotes":""},"acf":[],"_links":{"self":[{"href":"https:\/\/komplizinnen.space\/de\/wp-json\/wp\/v2\/pages\/394"}],"collection":[{"href":"https:\/\/komplizinnen.space\/de\/wp-json\/wp\/v2\/pages"}],"about":[{"href":"https:\/\/komplizinnen.space\/de\/wp-json\/wp\/v2\/types\/page"}],"author":[{"embeddable":true,"href":"https:\/\/komplizinnen.space\/de\/wp-json\/wp\/v2\/users\/1"}],"replies":[{"embeddable":true,"href":"https:\/\/komplizinnen.space\/de\/wp-json\/wp\/v2\/comments?post=394"}],"version-history":[{"count":5,"href":"https:\/\/komplizinnen.space\/de\/wp-json\/wp\/v2\/pages\/394\/revisions"}],"predecessor-version":[{"id":415,"href":"https:\/\/komplizinnen.space\/de\/wp-json\/wp\/v2\/pages\/394\/revisions\/415"}],"wp:attachment":[{"href":"https:\/\/komplizinnen.space\/de\/wp-json\/wp\/v2\/media?parent=394"}],"curies":[{"name":"wp","href":"https:\/\/api.w.org\/{rel}","templated":true}]}}